{"id":1363,"date":"2025-01-11T14:54:03","date_gmt":"2025-01-11T14:54:03","guid":{"rendered":"https:\/\/v2.devprojecthub.net\/?page_id=1363"},"modified":"2025-10-07T19:24:20","modified_gmt":"2025-10-07T17:24:20","slug":"conditions-generales-dutilisation","status":"publish","type":"page","link":"https:\/\/rebelcompany.be\/en\/conditions-generales-dutilisation\/","title":{"rendered":"Conditions g\u00e9n\u00e9rales d&rsquo;utilisation et de service"},"content":{"rendered":"<div data-elementor-type=\"wp-page\" data-elementor-id=\"1363\" class=\"elementor elementor-1363\" data-elementor-post-type=\"page\">\n\t\t\t\t<div class=\"elementor-element elementor-element-d36feaf e-flex e-con-boxed e-con e-parent\" data-id=\"d36feaf\" data-element_type=\"container\" data-e-type=\"container\">\n\t\t\t\t\t<div class=\"e-con-inner\">\n\t\t\t\t<div class=\"elementor-element elementor-element-40e7d4e elementor-widget elementor-widget-spacer\" data-id=\"40e7d4e\" data-element_type=\"widget\" data-e-type=\"widget\" data-widget_type=\"spacer.default\">\n\t\t\t\t<div class=\"elementor-widget-container\">\n\t\t\t\t\t\t\t<div class=\"elementor-spacer\">\n\t\t\t<div class=\"elementor-spacer-inner\"><\/div>\n\t\t<\/div>\n\t\t\t\t\t\t<\/div>\n\t\t\t\t<\/div>\n\t\t\t\t\t<\/div>\n\t\t\t\t<\/div>\n\t\t<div class=\"elementor-element elementor-element-57f9f10 e-flex e-con-boxed e-con e-parent\" data-id=\"57f9f10\" data-element_type=\"container\" data-e-type=\"container\">\n\t\t\t\t\t<div class=\"e-con-inner\">\n\t\t\t\t<div class=\"elementor-element elementor-element-41c41b2 elementor-widget elementor-widget-heading\" data-id=\"41c41b2\" data-element_type=\"widget\" data-e-type=\"widget\" data-widget_type=\"heading.default\">\n\t\t\t\t<div class=\"elementor-widget-container\">\n\t\t\t\t\t<h2 class=\"elementor-heading-title elementor-size-default\">Terms of Use and Service<\/h2>\t\t\t\t<\/div>\n\t\t\t\t<\/div>\n\t\t\t\t<div class=\"elementor-element elementor-element-fb65344 elementor-widget elementor-widget-text-editor\" data-id=\"fb65344\" data-element_type=\"widget\" data-e-type=\"widget\" data-widget_type=\"text-editor.default\">\n\t\t\t\t<div class=\"elementor-widget-container\">\n\t\t\t\t\t\t\t\t\t<p><u>Terms of Use <\/u><\/p><p>By accessing this website, you agree to the terms and conditions of use set out below.<\/p><p>Rebel Company reserves the right to modify these terms at any time.<\/p><p>The content of this website may be changed at any time without prior notice. Rebel Company also reserves the right to restrict access to the entire site or parts of it without prior notice. Therefore, users are encouraged to regularly review these terms to stay informed about their obligations and the legal implications of using the site.<\/p><ol><li><strong>Site Ownership <\/strong><\/li><\/ol><p>This website is the property of <strong>Rebel Company,<\/strong> whose registered office is located at Chauss\u00e9e de Louvain 730, D1.14, 1140 Evere (Brussels-Capital Region), and is registered with the Crossroads Bank for Enterprises under the company number <strong>1017.806.053.<\/strong><\/p><ol start=\"2\"><li><strong>Intellectual Property <\/strong><\/li><\/ol><p>The content and presentation of the website \u201chttps:\/\/rebelcompany.be\u201d (including HTML or Flash pages, whether static or dynamically generated, image files, illustrations, sounds, videos, names, trademarks, logos, databases, etc.) are protected by copyright, trademark law, or other intellectual property laws.<\/p><p>Copying, sending, distributing, broadcasting, selling, publishing, transmitting, circulating, modifying, or rearranging the material from this website, in whole or in part, is not permitted. If you wish to reproduce, publicly share, or extract a substantial portion of its content, you must obtain prior written authorization from Rebel Company unless permitted by applicable legal provisions.<\/p><p>Rebel Company does not grant any intellectual or industrial property rights of any kind, for any reason whatsoever, over any part of the product, software program, algorithm, web platform, or any other service offered by the operator of the Site.<\/p><ol start=\"3\"><li><strong>Links <\/strong><\/li><\/ol><p>Rebel Company supports the creation of links to its website. You may submit a request to include a link to the Site to Rebel Company, which will process it as soon as possible. Rebel Company reserves the right to request the removal of a link to any of its web pages if it deems that the link does not align with its mission. It is also prohibited to display a page from this site within a frame that does not belong to Rebel Company, or to insert an image owned by Rebel Company into a page of a website that does not belong to it.<\/p><p>This site may provide links to other websites managed by third parties, as well as references to other sources of information. These links and references are provided for informational purposes only. Rebel Company does not control these external websites or the content they provide and is not responsible for their availability, advertisements, products, or services, nor for the accuracy or completeness of their information.<\/p><p>Rebel Company declines all responsibility for any damages that may result from consulting information on third-party websites or external sources referenced by its site, including any losses or damages allegedly caused by visiting these external links.<\/p><ol start=\"4\"><li><strong>Privacy <\/strong><\/li><\/ol><p>Rebel Company is committed to protecting your privacy and processes your personal data in accordance with the Law of July 30, 2018, on the protection of individuals regarding the processing of personal data (the \"Privacy Protection Law\") and Regulation (EU) 2016\/679 of the European Parliament and of the Council of April 27, 2016, on the protection of individuals regarding the processing of personal data and the free movement of such data, repealing Directive 95\/46\/EC (the \"General Data Protection Regulation\" or \"GDPR\").<\/p><p>For more information on how Rebel Company handles your personal data, please refer to our\u00a0<a href=\"https:\/\/rebelcompany.be\/en\/politique-de-confidentialite\/\">Privacy Policy<\/a>.\u00a0<\/p><ol start=\"5\"><li><strong>Liability <\/strong><\/li><\/ol><p>Users acknowledge that accessing and using this website is at their own risk. Rebel Company is not responsible for any direct or indirect damages caused by the use of the website. Rebel Company shall not be held liable for damages resulting from improper or incorrect use of the site, faulty connections, or the use of the website in combination with other software or hardware.<\/p><p>Rebel Company strives to provide accurate and up-to-date information on its website. However, it cannot be held responsible for damages resulting from inaccurate, outdated, or incomplete information provided on its site.<\/p><p>Users acknowledge that the Internet is not a fully secure platform and that complete privacy protection cannot be guaranteed. Therefore, Rebel Company shall not be held liable for any damages users may suffer due to the submission of confidential or sensitive information on the site.<\/p><ol start=\"6\"><li><strong>Jurisdiction and Applicable Law<\/strong><\/li><\/ol><p>Any dispute relating to the services provided by Rebel Company, as well as any dispute concerning the validity, interpretation, or execution of these terms and conditions, shall be governed by Belgian law and shall fall under the exclusive jurisdiction of the French-speaking courts of the judicial district of Brussels.<\/p><p><u>Terms of Service <\/u><\/p><p><strong>Article 1 - Purpose <\/strong><\/p><p>These terms and conditions govern the content and the subscription terms of a package offered by Rebel Company.<\/p><p><strong>Article 2 - Content <\/strong><\/p><p>Rebel Company offers subscriptions to plans that each include at least:<\/p><ul><li>The creation by Rebel Company of a showcase website (hereinafter referred to as \"the Site\") intended to present the client's business.<\/li><li>The management and maintenance of the same site by Rebel Company.<\/li><\/ul><p>Other features corresponding to each plan are listed on the Site or the order\/quote form and will be presented to the client via the same website\/order form\/quote at the time of subscription.<\/p><p>Le Site, mentionn\u00e9 au point 1, demeure la propri\u00e9t\u00e9 de Rebel Company apr\u00e8s cr\u00e9ation. Celui-ci devient automatiquement et sans pr\u00e9avis la propri\u00e9t\u00e9 du Client apr\u00e8s 1 an de souscription.<\/p><p><strong>Article 3 - Price and Payment <\/strong><\/p><p>The subscription price corresponding to a plan is indicated on the Site\/order form\/quote at the time of the client's subscription. \u00a0<\/p><p>Apr\u00e8s 1 an de souscription, le prix initialement mentionn\u00e9 sur le Site\/bon de commande\/devis deviendra un autre prix tel que mentionn\u00e9 sur le m\u00eame Site\/bon de commande\/devis.<\/p><p>The client may choose, at the time of subscription, to subscribe annually or monthly to the selected plan.<\/p><p>The payment of the price indicated on the Site\/order form\/quote must be made using the payment methods offered on the Site, if the client subscribes via it, or, if subscribed otherwise than through the Site, by bank transfer to <strong>BE65068954349996<\/strong> avec, le cas \u00e9ch\u00e9ant, la communication communiqu\u00e9e par Rebel Company.<\/p><p>En cas de souscription en ligne sur le Site et sans pr\u00e9judice du changement de prix apr\u00e8s 1 an de souscription mentionn\u00e9 au paragraphe 2, le prix payable sera pr\u00e9lev\u00e9 du compte bancaire du client apr\u00e8s chaque renouvellement de la souscription.<\/p><p><strong>Article 4 \u2013 Commencement of Obligations and Renewal <\/strong><\/p><p>Rebel Company\u2019s obligations mentioned in Article 2 will become due from the date of receipt of payment.<\/p><p>The subscription period will commence from the date of receipt of payment by Rebel Company and will end on the same calendar day of the last month of the subscription period as the receipt of payment.<\/p><p><strong>Sans pr\u00e9judice du changement de prix de souscription mentionn\u00e9 \u00e0 l\u2019article 3, paragraphe 2, si avant l\u2019expiration de la p\u00e9riode de souscription, le client n\u2019a pas express\u00e9ment fait part \u00e0 Rebel Company de sa volont\u00e9 de mettre fin \u00e0 la souscription, l\u2019abonnement sera renouvel\u00e9 de plein droit pour la m\u00eame dur\u00e9e selon les m\u00eames conditions. <\/strong><\/p><p>In the case of automatic renewal, payment will be due from the first calendar day of the new subscription period.<\/p><p><strong>Article 5 - Termination<\/strong><\/p><p>The client may unilaterally terminate the subscription at any time by submitting a formal request via email to \"info@rebelcompany.be\".<\/p><p>In the event of non-payment of the price indicated in Article 3 by the client within 20 calendar days after the invoice has been sent, Rebel Company may unilaterally terminate the subscription.<\/p><p>The termination of the subscription will take effect from the first calendar day of the month following the termination request or, if the request is made before the first calendar day of the next month, on the last day of the subscription.<\/p><p>Without prejudice to the termination right provided in Paragraph 2, Rebel Company will have the right, in case of non-payment of the price mentioned above by the client within 15 calendar days after sending the invoice, to make the site inaccessible to the public until the client has made the payment.<\/p><p>Si le Client r\u00e9silie la souscription avant 1 an de souscription, Rebel Company r\u00e9serve la facult\u00e9 de d\u00e9truire le Site apr\u00e8s r\u00e9siliation.<\/p><p><strong>Article 6 \u2013 Limitation de responsabilit\u00e9 <\/strong><\/p><p>Rebel Company will not be held liable for any consequences resulting from:<\/p><ul><li>Non-compliant and fraudulent use of the Site by third parties.<\/li><li>Failures, intrusions, or interruptions related to the hosting provider or external factors beyond the Provider\u2019s control.<\/li><li>Delays or damages due to incorrect information provided by the client.<\/li><li>Delays in the execution of one-time services requested by the client.<\/li><\/ul><p><strong>Article 7 \u2013 Confidentialit\u00e9\u00a0: <\/strong><\/p><p>Personal data collected in the course of the business relationship between Rebel Company and the client will be processed in accordance with applicable law, including Regulation (EU) 2016\/679 (hereinafter \"GDPR\") and the Law of 30 July 2018 regarding the protection of individuals with regard to the processing of personal data.<\/p><p>In this regard, the party whose personal data is collected and processed by the counterparty will have the rights conferred by the GDPR concerning the processing of such data after its collection and the control that can be exercised over it.<\/p><p><strong>Article 8 \u2013 Propri\u00e9t\u00e9 intellectuelle\u00a0: <\/strong><\/p><p>All multimedia content, in the broadest sense, exchanged during the provision of services under the subscription will remain the property of the legal and natural persons who provided them. More generally, nothing in this contract may be interpreted as justifying the transfer of intellectual property rights over any content exchanged between Rebel Company and the client.<\/p><p><strong>Article 9 \u2013 Droit applicable et clause attributive de comp\u00e9tence\u00a0: <\/strong><\/p><p>Any dispute relating to the services provided by Rebel Company, as well as any dispute concerning the validity, interpretation, or execution of these terms and conditions, shall be governed by Belgian law and shall fall under the exclusive jurisdiction of the French-speaking courts of the judicial district of Brussels.<\/p>\t\t\t\t\t\t\t\t<\/div>\n\t\t\t\t<\/div>\n\t\t\t\t\t<\/div>\n\t\t\t\t<\/div>\n\t\t\t\t<\/div>","protected":false},"excerpt":{"rendered":"<p>Conditions g\u00e9n\u00e9rales d&rsquo;utilisation et de service Conditions g\u00e9n\u00e9rales d\u2019utilisation La consultation de ce site suppose que vous acceptez les conditions g\u00e9n\u00e9rales d\u2019utilisation d\u00e9finies ci-dessous. Rebel Company se r\u00e9serve le droit de modifier ces conditions \u00e0 tout moment. Le contenu de ce site peut \u00eatre modifi\u00e9 \u00e0 tout moment sans pr\u00e9avis. Rebel Company se r\u00e9serve \u00e9galement [&hellip;]<\/p>","protected":false},"author":3,"featured_media":0,"parent":0,"menu_order":0,"comment_status":"closed","ping_status":"closed","template":"elementor_header_footer","meta":{"footnotes":""},"class_list":["post-1363","page","type-page","status-publish","hentry"],"yoast_head":"<!-- This site is optimized with the Yoast SEO plugin v26.9 - https:\/\/yoast.com\/product\/yoast-seo-wordpress\/ -->\n<title>Conditions G\u00e9n\u00e9rales d\u2019Utilisation | Rebel Company<\/title>\n<meta name=\"description\" content=\"Lisez les conditions g\u00e9n\u00e9rales d\u2019utilisation de Rebel Company. D\u00e9couvrez les r\u00e8gles et modalit\u00e9s li\u00e9es \u00e0 nos services.\" \/>\n<meta name=\"robots\" content=\"index, follow, max-snippet:-1, max-image-preview:large, max-video-preview:-1\" \/>\n<link rel=\"canonical\" href=\"https:\/\/rebelcompany.be\/en\/conditions-generales-dutilisation\/\" \/>\n<meta property=\"og:locale\" content=\"en_GB\" \/>\n<meta property=\"og:type\" content=\"article\" \/>\n<meta property=\"og:title\" content=\"Conditions G\u00e9n\u00e9rales d\u2019Utilisation | Rebel Company\" \/>\n<meta property=\"og:description\" content=\"Lisez les conditions g\u00e9n\u00e9rales d\u2019utilisation de Rebel Company. D\u00e9couvrez les r\u00e8gles et modalit\u00e9s li\u00e9es \u00e0 nos services.\" \/>\n<meta property=\"og:url\" content=\"https:\/\/rebelcompany.be\/en\/conditions-generales-dutilisation\/\" \/>\n<meta property=\"og:site_name\" content=\"Rebel Company\" \/>\n<meta property=\"article:publisher\" content=\"https:\/\/www.facebook.com\/people\/Rebel-Company\/61565685296382\/\" \/>\n<meta property=\"article:modified_time\" content=\"2025-10-07T17:24:20+00:00\" \/>\n<meta name=\"twitter:card\" content=\"summary_large_image\" \/>\n<meta name=\"twitter:label1\" content=\"Estimated reading time\" \/>\n\t<meta name=\"twitter:data1\" content=\"10 minutes\" \/>\n<script type=\"application\/ld+json\" class=\"yoast-schema-graph\">{\"@context\":\"https:\/\/schema.org\",\"@graph\":[{\"@type\":\"WebPage\",\"@id\":\"https:\/\/rebelcompany.be\/conditions-generales-dutilisation\/\",\"url\":\"https:\/\/rebelcompany.be\/conditions-generales-dutilisation\/\",\"name\":\"Conditions G\u00e9n\u00e9rales d\u2019Utilisation | Rebel Company\",\"isPartOf\":{\"@id\":\"https:\/\/rebelcompany.be\/#website\"},\"datePublished\":\"2025-01-11T14:54:03+00:00\",\"dateModified\":\"2025-10-07T17:24:20+00:00\",\"description\":\"Lisez les conditions g\u00e9n\u00e9rales d\u2019utilisation de Rebel Company. D\u00e9couvrez les r\u00e8gles et modalit\u00e9s li\u00e9es \u00e0 nos services.\",\"breadcrumb\":{\"@id\":\"https:\/\/rebelcompany.be\/conditions-generales-dutilisation\/#breadcrumb\"},\"inLanguage\":\"en-GB\",\"potentialAction\":[{\"@type\":\"ReadAction\",\"target\":[\"https:\/\/rebelcompany.be\/conditions-generales-dutilisation\/\"]}]},{\"@type\":\"BreadcrumbList\",\"@id\":\"https:\/\/rebelcompany.be\/conditions-generales-dutilisation\/#breadcrumb\",\"itemListElement\":[{\"@type\":\"ListItem\",\"position\":1,\"name\":\"Accueil\",\"item\":\"https:\/\/rebelcompany.be\/\"},{\"@type\":\"ListItem\",\"position\":2,\"name\":\"Conditions g\u00e9n\u00e9rales d&rsquo;utilisation et de service\"}]},{\"@type\":\"WebSite\",\"@id\":\"https:\/\/rebelcompany.be\/#website\",\"url\":\"https:\/\/rebelcompany.be\/\",\"name\":\"Rebel Company\",\"description\":\"REINVENTING BELIEF\",\"publisher\":{\"@id\":\"https:\/\/rebelcompany.be\/#organization\"},\"alternateName\":\"Rebel\",\"potentialAction\":[{\"@type\":\"SearchAction\",\"target\":{\"@type\":\"EntryPoint\",\"urlTemplate\":\"https:\/\/rebelcompany.be\/?s={search_term_string}\"},\"query-input\":{\"@type\":\"PropertyValueSpecification\",\"valueRequired\":true,\"valueName\":\"search_term_string\"}}],\"inLanguage\":\"en-GB\"},{\"@type\":\"Organization\",\"@id\":\"https:\/\/rebelcompany.be\/#organization\",\"name\":\"Rebel Company\",\"url\":\"https:\/\/rebelcompany.be\/\",\"logo\":{\"@type\":\"ImageObject\",\"inLanguage\":\"en-GB\",\"@id\":\"https:\/\/rebelcompany.be\/#\/schema\/logo\/image\/\",\"url\":\"https:\/\/rebelcompany.be\/wp-content\/uploads\/2025\/01\/PNG-couleur-1.png\",\"contentUrl\":\"https:\/\/rebelcompany.be\/wp-content\/uploads\/2025\/01\/PNG-couleur-1.png\",\"width\":2637,\"height\":699,\"caption\":\"Rebel Company\"},\"image\":{\"@id\":\"https:\/\/rebelcompany.be\/#\/schema\/logo\/image\/\"},\"sameAs\":[\"https:\/\/www.facebook.com\/people\/Rebel-Company\/61565685296382\/\",\"https:\/\/www.instagram.com\/_rebelcompany\/\",\"https:\/\/www.linkedin.com\/company\/rebel-company-be\"]}]}<\/script>\n<!-- \/ Yoast SEO plugin. -->","yoast_head_json":{"title":"Conditions G\u00e9n\u00e9rales d\u2019Utilisation | Rebel Company","description":"Lisez les conditions g\u00e9n\u00e9rales d\u2019utilisation de Rebel Company. D\u00e9couvrez les r\u00e8gles et modalit\u00e9s li\u00e9es \u00e0 nos services.","robots":{"index":"index","follow":"follow","max-snippet":"max-snippet:-1","max-image-preview":"max-image-preview:large","max-video-preview":"max-video-preview:-1"},"canonical":"https:\/\/rebelcompany.be\/en\/conditions-generales-dutilisation\/","og_locale":"en_GB","og_type":"article","og_title":"Conditions G\u00e9n\u00e9rales d\u2019Utilisation | Rebel Company","og_description":"Lisez les conditions g\u00e9n\u00e9rales d\u2019utilisation de Rebel Company. D\u00e9couvrez les r\u00e8gles et modalit\u00e9s li\u00e9es \u00e0 nos services.","og_url":"https:\/\/rebelcompany.be\/en\/conditions-generales-dutilisation\/","og_site_name":"Rebel Company","article_publisher":"https:\/\/www.facebook.com\/people\/Rebel-Company\/61565685296382\/","article_modified_time":"2025-10-07T17:24:20+00:00","twitter_card":"summary_large_image","twitter_misc":{"Estimated reading time":"10 minutes"},"schema":{"@context":"https:\/\/schema.org","@graph":[{"@type":"WebPage","@id":"https:\/\/rebelcompany.be\/conditions-generales-dutilisation\/","url":"https:\/\/rebelcompany.be\/conditions-generales-dutilisation\/","name":"Conditions G\u00e9n\u00e9rales d\u2019Utilisation | Rebel Company","isPartOf":{"@id":"https:\/\/rebelcompany.be\/#website"},"datePublished":"2025-01-11T14:54:03+00:00","dateModified":"2025-10-07T17:24:20+00:00","description":"Lisez les conditions g\u00e9n\u00e9rales d\u2019utilisation de Rebel Company. D\u00e9couvrez les r\u00e8gles et modalit\u00e9s li\u00e9es \u00e0 nos services.","breadcrumb":{"@id":"https:\/\/rebelcompany.be\/conditions-generales-dutilisation\/#breadcrumb"},"inLanguage":"en-GB","potentialAction":[{"@type":"ReadAction","target":["https:\/\/rebelcompany.be\/conditions-generales-dutilisation\/"]}]},{"@type":"BreadcrumbList","@id":"https:\/\/rebelcompany.be\/conditions-generales-dutilisation\/#breadcrumb","itemListElement":[{"@type":"ListItem","position":1,"name":"Accueil","item":"https:\/\/rebelcompany.be\/"},{"@type":"ListItem","position":2,"name":"Conditions g\u00e9n\u00e9rales d&rsquo;utilisation et de service"}]},{"@type":"WebSite","@id":"https:\/\/rebelcompany.be\/#website","url":"https:\/\/rebelcompany.be\/","name":"Rebel Company,","description":"REINVENTING BELIEF","publisher":{"@id":"https:\/\/rebelcompany.be\/#organization"},"alternateName":"Rebel","potentialAction":[{"@type":"SearchAction","target":{"@type":"EntryPoint","urlTemplate":"https:\/\/rebelcompany.be\/?s={search_term_string}"},"query-input":{"@type":"PropertyValueSpecification","valueRequired":true,"valueName":"search_term_string"}}],"inLanguage":"en-GB"},{"@type":"Organization","@id":"https:\/\/rebelcompany.be\/#organization","name":"Rebel Company,","url":"https:\/\/rebelcompany.be\/","logo":{"@type":"ImageObject","inLanguage":"en-GB","@id":"https:\/\/rebelcompany.be\/#\/schema\/logo\/image\/","url":"https:\/\/rebelcompany.be\/wp-content\/uploads\/2025\/01\/PNG-couleur-1.png","contentUrl":"https:\/\/rebelcompany.be\/wp-content\/uploads\/2025\/01\/PNG-couleur-1.png","width":2637,"height":699,"caption":"Rebel Company"},"image":{"@id":"https:\/\/rebelcompany.be\/#\/schema\/logo\/image\/"},"sameAs":["https:\/\/www.facebook.com\/people\/Rebel-Company\/61565685296382\/","https:\/\/www.instagram.com\/_rebelcompany\/","https:\/\/www.linkedin.com\/company\/rebel-company-be"]}]}},"_links":{"self":[{"href":"https:\/\/rebelcompany.be\/en\/wp-json\/wp\/v2\/pages\/1363","targetHints":{"allow":["GET"]}}],"collection":[{"href":"https:\/\/rebelcompany.be\/en\/wp-json\/wp\/v2\/pages"}],"about":[{"href":"https:\/\/rebelcompany.be\/en\/wp-json\/wp\/v2\/types\/page"}],"author":[{"embeddable":true,"href":"https:\/\/rebelcompany.be\/en\/wp-json\/wp\/v2\/users\/3"}],"replies":[{"embeddable":true,"href":"https:\/\/rebelcompany.be\/en\/wp-json\/wp\/v2\/comments?post=1363"}],"version-history":[{"count":18,"href":"https:\/\/rebelcompany.be\/en\/wp-json\/wp\/v2\/pages\/1363\/revisions"}],"predecessor-version":[{"id":4386,"href":"https:\/\/rebelcompany.be\/en\/wp-json\/wp\/v2\/pages\/1363\/revisions\/4386"}],"wp:attachment":[{"href":"https:\/\/rebelcompany.be\/en\/wp-json\/wp\/v2\/media?parent=1363"}],"curies":[{"name":"wp","href":"https:\/\/api.w.org\/{rel}","templated":true}]}}