{"id":1427,"date":"2025-01-11T15:44:24","date_gmt":"2025-01-11T15:44:24","guid":{"rendered":"https:\/\/v2.devprojecthub.net\/?page_id=1427"},"modified":"2025-01-14T03:07:44","modified_gmt":"2025-01-14T03:07:44","slug":"notice-cookies","status":"publish","type":"page","link":"https:\/\/rebelcompany.be\/en\/notice-cookies\/","title":{"rendered":"Cookies Notice"},"content":{"rendered":"<div data-elementor-type=\"wp-page\" data-elementor-id=\"1427\" class=\"elementor elementor-1427\" data-elementor-post-type=\"page\">\n\t\t\t\t<div class=\"elementor-element elementor-element-f465d66 e-flex e-con-boxed e-con e-parent\" data-id=\"f465d66\" data-element_type=\"container\" data-e-type=\"container\">\n\t\t\t\t\t<div class=\"e-con-inner\">\n\t\t\t\t<div class=\"elementor-element elementor-element-4e6695a elementor-widget elementor-widget-spacer\" data-id=\"4e6695a\" data-element_type=\"widget\" data-e-type=\"widget\" data-widget_type=\"spacer.default\">\n\t\t\t\t<div class=\"elementor-widget-container\">\n\t\t\t\t\t\t\t<div class=\"elementor-spacer\">\n\t\t\t<div class=\"elementor-spacer-inner\"><\/div>\n\t\t<\/div>\n\t\t\t\t\t\t<\/div>\n\t\t\t\t<\/div>\n\t\t\t\t\t<\/div>\n\t\t\t\t<\/div>\n\t\t<div class=\"elementor-element elementor-element-8ce6af1 e-flex e-con-boxed e-con e-parent\" data-id=\"8ce6af1\" data-element_type=\"container\" data-e-type=\"container\">\n\t\t\t\t\t<div class=\"e-con-inner\">\n\t\t\t\t<div class=\"elementor-element elementor-element-a697df0 elementor-widget elementor-widget-heading\" data-id=\"a697df0\" data-element_type=\"widget\" data-e-type=\"widget\" data-widget_type=\"heading.default\">\n\t\t\t\t<div class=\"elementor-widget-container\">\n\t\t\t\t\t<h2 class=\"elementor-heading-title elementor-size-default\">Cookies Notice <\/h2>\t\t\t\t<\/div>\n\t\t\t\t<\/div>\n\t\t\t\t\t<\/div>\n\t\t\t\t<\/div>\n\t\t<div class=\"elementor-element elementor-element-77e87f2 e-flex e-con-boxed e-con e-parent\" data-id=\"77e87f2\" data-element_type=\"container\" data-e-type=\"container\">\n\t\t\t\t\t<div class=\"e-con-inner\">\n\t\t\t\t<div class=\"elementor-element elementor-element-5fb2580 elementor-widget elementor-widget-text-editor\" data-id=\"5fb2580\" data-element_type=\"widget\" data-e-type=\"widget\" data-widget_type=\"text-editor.default\">\n\t\t\t\t<div class=\"elementor-widget-container\">\n\t\t\t\t\t\t\t\t\t<p>We use cookies and similar tools (collectively referred to as \"cookies\") for the purposes described below.<\/p><p><strong>Operational Cookies\u00a0<\/strong>We use essential cookies to provide our services, including:\u00a0<\/p><ul><li>Ensuring the proper functioning of the contact form and facilitating communication with us to ensure service delivery.\u00a0<\/li><li>Allowing us to follow up with you regarding the offer you have selected.\u00a0\u00a0<\/li><li>Preventing fraudulent activities.<\/li><li>Ensuring your security as a user.<\/li><li>Saving your preferences, such as the selected language.<\/li><\/ul><p>We also use cookies to understand how customers interact with our website in order to improve the services we provide. For example, we use cookies to collect information about site usage, which helps us generate statistics and adapt the website to better meet our customers' needs.<\/p><p><strong>Analytical Cookies : <\/strong>We use cookies to gather statistical information about user activity on the Site. These cookies allow us to continuously monitor our service performance and, if necessary, adjust them based on collected data. The primary purpose of analytical cookies is to track visitor traffic and usage statistics to optimize user experience. <strong>\u00a0<\/strong><\/p><p><strong>Advertising Cookies : <\/strong>We also use cookies to deliver relevant advertisements, including for products and services not available on Rebel Company, based on your interests.<\/p><p>Approved third parties may also set cookies when you use Rebel Company\u2019s services. These third parties include search engines, measurement and analytics providers, social networks, and advertising companies. They use cookies to deliver content\u2014including advertisements tailored to your interests\u2014to measure the effectiveness of their ads and provide services on behalf of Rebel Company.\u00a0<\/p><p><strong>Additional Information <\/strong><\/p><p>Operational cookies will remain in your browser for up to 13 months following your last visit to our services, except for cookies used to remember your personal information preferences (such as advertising settings), which may remain stored for up to 5 years. Other cookies will remain in your browser for up to 13 months from the moment you consent to their use.<\/p><p>Your browser settings allow you to prevent your browser from accepting new cookies, receive a notification when a new cookie is set, disable and delete cookies, check when cookies expire.<\/p><p>Operational cookies enable you to access essential features of Rebel Company. If you block or disable operational cookies in your browser settings, some features and services may not function properly. For example, you may be unable to add items to your cart, complete a purchase, or access specific account-based services. You may also need to manually adjust your preferences each time you visit our website.<\/p><p>For more information about the types of personal data that may be collected on the Site, please refer to our <a href=\"https:\/\/rebelcompany.be\/en\/politique-de-confidentialite\/\">Privacy Policy<\/a>.<\/p>\t\t\t\t\t\t\t\t<\/div>\n\t\t\t\t<\/div>\n\t\t\t\t\t<\/div>\n\t\t\t\t<\/div>\n\t\t\t\t<\/div>","protected":false},"excerpt":{"rendered":"<p>Notices Cookies Nous utilisons des cookies et des outils similaires (collectivement d\u00e9sign\u00e9s \u00ab\u00a0cookies\u00a0\u00bb) pour les finalit\u00e9s d\u00e9crites ci-dessous. Cookies op\u00e9rationnels\u00a0: nous utilisons des cookies essentiels \u00e0 la fourniture de nos services, notamment pour :\u00a0 Assurer le fonctionnement du formulaire de contact et la communication avec nous dans le but d&rsquo;assurer la fourniture de nos services.\u00a0 [&hellip;]<\/p>","protected":false},"author":3,"featured_media":0,"parent":0,"menu_order":0,"comment_status":"closed","ping_status":"closed","template":"elementor_header_footer","meta":{"footnotes":""},"class_list":["post-1427","page","type-page","status-publish","hentry"],"yoast_head":"<!-- This site is optimized with the Yoast SEO plugin v26.9 - https:\/\/yoast.com\/product\/yoast-seo-wordpress\/ -->\n<title>Notice Cookies | Rebel Company<\/title>\n<meta name=\"description\" content=\"D\u00e9couvrez notre politique sur les cookies pour une meilleure exp\u00e9rience utilisateur sur notre site Rebel Company.\" \/>\n<meta name=\"robots\" content=\"index, follow, max-snippet:-1, max-image-preview:large, max-video-preview:-1\" \/>\n<link rel=\"canonical\" href=\"https:\/\/rebelcompany.be\/en\/notice-cookies\/\" \/>\n<meta property=\"og:locale\" content=\"en_GB\" \/>\n<meta property=\"og:type\" content=\"article\" \/>\n<meta property=\"og:title\" content=\"Notice Cookies | Rebel Company\" \/>\n<meta property=\"og:description\" content=\"D\u00e9couvrez notre politique sur les cookies pour une meilleure exp\u00e9rience utilisateur sur notre site Rebel Company.\" \/>\n<meta property=\"og:url\" content=\"https:\/\/rebelcompany.be\/en\/notice-cookies\/\" \/>\n<meta property=\"og:site_name\" content=\"Rebel Company\" \/>\n<meta property=\"article:publisher\" content=\"https:\/\/www.facebook.com\/people\/Rebel-Company\/61565685296382\/\" \/>\n<meta property=\"article:modified_time\" content=\"2025-01-14T03:07:44+00:00\" \/>\n<meta name=\"twitter:card\" content=\"summary_large_image\" \/>\n<meta name=\"twitter:label1\" content=\"Estimated reading time\" \/>\n\t<meta name=\"twitter:data1\" content=\"3 minutes\" \/>\n<script type=\"application\/ld+json\" class=\"yoast-schema-graph\">{\"@context\":\"https:\/\/schema.org\",\"@graph\":[{\"@type\":\"WebPage\",\"@id\":\"https:\/\/rebelcompany.be\/notice-cookies\/\",\"url\":\"https:\/\/rebelcompany.be\/notice-cookies\/\",\"name\":\"Notice Cookies | Rebel Company\",\"isPartOf\":{\"@id\":\"https:\/\/rebelcompany.be\/#website\"},\"datePublished\":\"2025-01-11T15:44:24+00:00\",\"dateModified\":\"2025-01-14T03:07:44+00:00\",\"description\":\"D\u00e9couvrez notre politique sur les cookies pour une meilleure exp\u00e9rience utilisateur sur notre site Rebel Company.\",\"breadcrumb\":{\"@id\":\"https:\/\/rebelcompany.be\/notice-cookies\/#breadcrumb\"},\"inLanguage\":\"en-GB\",\"potentialAction\":[{\"@type\":\"ReadAction\",\"target\":[\"https:\/\/rebelcompany.be\/notice-cookies\/\"]}]},{\"@type\":\"BreadcrumbList\",\"@id\":\"https:\/\/rebelcompany.be\/notice-cookies\/#breadcrumb\",\"itemListElement\":[{\"@type\":\"ListItem\",\"position\":1,\"name\":\"Accueil\",\"item\":\"https:\/\/rebelcompany.be\/\"},{\"@type\":\"ListItem\",\"position\":2,\"name\":\"Notice Cookies\"}]},{\"@type\":\"WebSite\",\"@id\":\"https:\/\/rebelcompany.be\/#website\",\"url\":\"https:\/\/rebelcompany.be\/\",\"name\":\"Rebel Company\",\"description\":\"REINVENTING BELIEF\",\"publisher\":{\"@id\":\"https:\/\/rebelcompany.be\/#organization\"},\"alternateName\":\"Rebel\",\"potentialAction\":[{\"@type\":\"SearchAction\",\"target\":{\"@type\":\"EntryPoint\",\"urlTemplate\":\"https:\/\/rebelcompany.be\/?s={search_term_string}\"},\"query-input\":{\"@type\":\"PropertyValueSpecification\",\"valueRequired\":true,\"valueName\":\"search_term_string\"}}],\"inLanguage\":\"en-GB\"},{\"@type\":\"Organization\",\"@id\":\"https:\/\/rebelcompany.be\/#organization\",\"name\":\"Rebel Company\",\"url\":\"https:\/\/rebelcompany.be\/\",\"logo\":{\"@type\":\"ImageObject\",\"inLanguage\":\"en-GB\",\"@id\":\"https:\/\/rebelcompany.be\/#\/schema\/logo\/image\/\",\"url\":\"https:\/\/rebelcompany.be\/wp-content\/uploads\/2025\/01\/PNG-couleur-1.png\",\"contentUrl\":\"https:\/\/rebelcompany.be\/wp-content\/uploads\/2025\/01\/PNG-couleur-1.png\",\"width\":2637,\"height\":699,\"caption\":\"Rebel Company\"},\"image\":{\"@id\":\"https:\/\/rebelcompany.be\/#\/schema\/logo\/image\/\"},\"sameAs\":[\"https:\/\/www.facebook.com\/people\/Rebel-Company\/61565685296382\/\",\"https:\/\/www.instagram.com\/_rebelcompany\/\",\"https:\/\/www.linkedin.com\/company\/rebel-company-be\"]}]}<\/script>\n<!-- \/ Yoast SEO plugin. -->","yoast_head_json":{"title":"Notice Cookies | Rebel Company","description":"D\u00e9couvrez notre politique sur les cookies pour une meilleure exp\u00e9rience utilisateur sur notre site Rebel Company.","robots":{"index":"index","follow":"follow","max-snippet":"max-snippet:-1","max-image-preview":"max-image-preview:large","max-video-preview":"max-video-preview:-1"},"canonical":"https:\/\/rebelcompany.be\/en\/notice-cookies\/","og_locale":"en_GB","og_type":"article","og_title":"Notice Cookies | Rebel Company","og_description":"D\u00e9couvrez notre politique sur les cookies pour une meilleure exp\u00e9rience utilisateur sur notre site Rebel Company.","og_url":"https:\/\/rebelcompany.be\/en\/notice-cookies\/","og_site_name":"Rebel Company","article_publisher":"https:\/\/www.facebook.com\/people\/Rebel-Company\/61565685296382\/","article_modified_time":"2025-01-14T03:07:44+00:00","twitter_card":"summary_large_image","twitter_misc":{"Estimated reading time":"3 minutes"},"schema":{"@context":"https:\/\/schema.org","@graph":[{"@type":"WebPage","@id":"https:\/\/rebelcompany.be\/notice-cookies\/","url":"https:\/\/rebelcompany.be\/notice-cookies\/","name":"Notice Cookies | Rebel Company","isPartOf":{"@id":"https:\/\/rebelcompany.be\/#website"},"datePublished":"2025-01-11T15:44:24+00:00","dateModified":"2025-01-14T03:07:44+00:00","description":"D\u00e9couvrez notre politique sur les cookies pour une meilleure exp\u00e9rience utilisateur sur notre site Rebel Company.","breadcrumb":{"@id":"https:\/\/rebelcompany.be\/notice-cookies\/#breadcrumb"},"inLanguage":"en-GB","potentialAction":[{"@type":"ReadAction","target":["https:\/\/rebelcompany.be\/notice-cookies\/"]}]},{"@type":"BreadcrumbList","@id":"https:\/\/rebelcompany.be\/notice-cookies\/#breadcrumb","itemListElement":[{"@type":"ListItem","position":1,"name":"Accueil","item":"https:\/\/rebelcompany.be\/"},{"@type":"ListItem","position":2,"name":"Notice Cookies"}]},{"@type":"WebSite","@id":"https:\/\/rebelcompany.be\/#website","url":"https:\/\/rebelcompany.be\/","name":"Rebel Company,","description":"REINVENTING BELIEF","publisher":{"@id":"https:\/\/rebelcompany.be\/#organization"},"alternateName":"Rebel","potentialAction":[{"@type":"SearchAction","target":{"@type":"EntryPoint","urlTemplate":"https:\/\/rebelcompany.be\/?s={search_term_string}"},"query-input":{"@type":"PropertyValueSpecification","valueRequired":true,"valueName":"search_term_string"}}],"inLanguage":"en-GB"},{"@type":"Organization","@id":"https:\/\/rebelcompany.be\/#organization","name":"Rebel Company,","url":"https:\/\/rebelcompany.be\/","logo":{"@type":"ImageObject","inLanguage":"en-GB","@id":"https:\/\/rebelcompany.be\/#\/schema\/logo\/image\/","url":"https:\/\/rebelcompany.be\/wp-content\/uploads\/2025\/01\/PNG-couleur-1.png","contentUrl":"https:\/\/rebelcompany.be\/wp-content\/uploads\/2025\/01\/PNG-couleur-1.png","width":2637,"height":699,"caption":"Rebel Company"},"image":{"@id":"https:\/\/rebelcompany.be\/#\/schema\/logo\/image\/"},"sameAs":["https:\/\/www.facebook.com\/people\/Rebel-Company\/61565685296382\/","https:\/\/www.instagram.com\/_rebelcompany\/","https:\/\/www.linkedin.com\/company\/rebel-company-be"]}]}},"_links":{"self":[{"href":"https:\/\/rebelcompany.be\/en\/wp-json\/wp\/v2\/pages\/1427","targetHints":{"allow":["GET"]}}],"collection":[{"href":"https:\/\/rebelcompany.be\/en\/wp-json\/wp\/v2\/pages"}],"about":[{"href":"https:\/\/rebelcompany.be\/en\/wp-json\/wp\/v2\/types\/page"}],"author":[{"embeddable":true,"href":"https:\/\/rebelcompany.be\/en\/wp-json\/wp\/v2\/users\/3"}],"replies":[{"embeddable":true,"href":"https:\/\/rebelcompany.be\/en\/wp-json\/wp\/v2\/comments?post=1427"}],"version-history":[{"count":0,"href":"https:\/\/rebelcompany.be\/en\/wp-json\/wp\/v2\/pages\/1427\/revisions"}],"wp:attachment":[{"href":"https:\/\/rebelcompany.be\/en\/wp-json\/wp\/v2\/media?parent=1427"}],"curies":[{"name":"wp","href":"https:\/\/api.w.org\/{rel}","templated":true}]}}